{"id":147,"date":"2025-01-03T12:55:04","date_gmt":"2025-01-03T12:55:04","guid":{"rendered":"https:\/\/www.letheatre.ai\/?page_id=147"},"modified":"2025-01-27T16:49:49","modified_gmt":"2025-01-27T16:49:49","slug":"accompagnement","status":"publish","type":"page","link":"https:\/\/www.letheatre.ai\/?page_id=147","title":{"rendered":"ACCOMPAGNEMENT"},"content":{"rendered":"<p>[et_pb_section fb_built=\u00a0\u00bb1&Prime; admin_label=\u00a0\u00bbHeader\u00a0\u00bb _builder_version=\u00a0\u00bb4.21.0&Prime; _module_preset=\u00a0\u00bbdefault\u00a0\u00bb background_color=\u00a0\u00bbgcid-9ae412ef-a7ae-42a5-ab5b-f691fccab059&Prime; background_image=\u00a0\u00bbhttps:\/\/www.letheatre.ai\/wp-content\/uploads\/2025\/01\/background-theatre.jpg\u00a0\u00bb background_size=\u00a0\u00bbinitial\u00a0\u00bb background_position=\u00a0\u00bbtop_center\u00a0\u00bb background_enable_pattern_style=\u00a0\u00bbon\u00a0\u00bb background_pattern_style=\u00a0\u00bbscallops\u00a0\u00bb background_pattern_color=\u00a0\u00bbrgba(0,0,0,0.6)\u00a0\u00bb background_pattern_size=\u00a0\u00bbcustom\u00a0\u00bb background_pattern_width=\u00a0\u00bb8px\u00a0\u00bb custom_padding=\u00a0\u00bb||9px|||\u00a0\u00bb collapsed=\u00a0\u00bbon\u00a0\u00bb global_colors_info=\u00a0\u00bb{%22gcid-9ae412ef-a7ae-42a5-ab5b-f691fccab059%22:%91%22background_color%22%93}\u00a0\u00bb][et_pb_row _builder_version=\u00a0\u00bb4.19.2&Prime; _module_preset=\u00a0\u00bbdefault\u00a0\u00bb max_width=\u00a0\u00bb700px\u00a0\u00bb global_colors_info=\u00a0\u00bb{}\u00a0\u00bb][et_pb_column type=\u00a0\u00bb4_4&Prime; _builder_version=\u00a0\u00bb4.19.2&Prime; _module_preset=\u00a0\u00bbdefault\u00a0\u00bb global_colors_info=\u00a0\u00bb{}\u00a0\u00bb][et_pb_text _builder_version=\u00a0\u00bb4.21.0&Prime; _module_preset=\u00a0\u00bbfff5d4b3-e037-4399-bded-0a204a886aaf\u00a0\u00bb header_font=\u00a0\u00bbAlata|700|||||||\u00a0\u00bb header_font_size=\u00a0\u00bb70px\u00a0\u00bb text_orientation=\u00a0\u00bbcenter\u00a0\u00bb custom_margin=\u00a0\u00bb||10px||false|false\u00a0\u00bb global_colors_info=\u00a0\u00bb{}\u00a0\u00bb]<\/p>\n<h1>Les options d&rsquo;accompagnement avec l&rsquo;IA<\/h1>\n<p>[\/et_pb_text][et_pb_text _builder_version=\u00a0\u00bb4.21.0&Prime; _module_preset=\u00a0\u00bbd5154f23-c921-4f96-9091-19499a2ae449&Prime; text_font_size=\u00a0\u00bb20px\u00a0\u00bb text_orientation=\u00a0\u00bbcenter\u00a0\u00bb global_colors_info=\u00a0\u00bb{}\u00a0\u00bb]<\/p>\n<p>Gr\u00e2ce \u00e0 <strong>notre solide r\u00e9seau de prestataires partenaires<\/strong> sp\u00e9cialis\u00e9s dans l&rsquo;<strong>IA<\/strong>, l&rsquo;<strong>\u00e9v\u00e9nementiel<\/strong> et le <strong>digital<\/strong>, nous pouvons vous accompagner dans de nombreuses sp\u00e9cificit\u00e9s pour vos \u00e9v\u00e9nements.<\/p>\n<p>&nbsp;<\/p>\n<p>[\/et_pb_text][\/et_pb_column][\/et_pb_row][et_pb_row column_structure=\u00a0\u00bb1_3,2_3&Prime; _builder_version=\u00a0\u00bb4.21.0&Prime; _module_preset=\u00a0\u00bbdefault\u00a0\u00bb global_colors_info=\u00a0\u00bb{}\u00a0\u00bb][et_pb_column type=\u00a0\u00bb1_3&Prime; _builder_version=\u00a0\u00bb4.21.0&Prime; _module_preset=\u00a0\u00bbdefault\u00a0\u00bb global_colors_info=\u00a0\u00bb{}\u00a0\u00bb][et_pb_image src=\u00a0\u00bbhttps:\/\/www.letheatre.ai\/wp-content\/uploads\/2025\/01\/t1ri_Close-up_portrait_of_a_young_slightly_overweight_woman_w_66abbb97-ea7c-47ba-ad07-bc749923c588_1.png\u00a0\u00bb alt=\u00a0\u00bbDaphne\u00a0\u00bb title_text=\u00a0\u00bbdaphne\u00a0\u00bb _builder_version=\u00a0\u00bb4.21.0&Prime; _module_preset=\u00a0\u00bbdefault\u00a0\u00bb global_colors_info=\u00a0\u00bb{}\u00a0\u00bb][\/et_pb_image][\/et_pb_column][et_pb_column type=\u00a0\u00bb2_3&Prime; _builder_version=\u00a0\u00bb4.21.0&Prime; _module_preset=\u00a0\u00bbdefault\u00a0\u00bb global_colors_info=\u00a0\u00bb{}\u00a0\u00bb][dsm_block_reveal_text block_reveal_text=\u00a0\u00bbStudio d&rsquo;avatars IA\u00a0\u00bb block_reveal_color=\u00a0\u00bb#2EA3F2&Prime; _builder_version=\u00a0\u00bb4.21.0&Prime; _module_preset=\u00a0\u00bbdefault\u00a0\u00bb header_font=\u00a0\u00bb|700|||||||\u00a0\u00bb header_text_color=\u00a0\u00bb#FFFFFF\u00a0\u00bb header_font_size=\u00a0\u00bb28px\u00a0\u00bb global_colors_info=\u00a0\u00bb{}\u00a0\u00bb][\/dsm_block_reveal_text][et_pb_text _builder_version=\u00a0\u00bb4.21.0&Prime; _module_preset=\u00a0\u00bbdefault\u00a0\u00bb text_text_color=\u00a0\u00bb#FFFFFF\u00a0\u00bb text_font_size=\u00a0\u00bb16px\u00a0\u00bb global_colors_info=\u00a0\u00bb{}\u00a0\u00bb]<\/p>\n<p class=\"p1\"><em>Et si, lors de votre \u00e9v\u00e9nement, vous \u00e9tiez aid\u00e9s d&rsquo;un avatar IA qui aurait pour vocation d&rsquo;animer, de dynamiser et d&rsquo;attiser la curiosit\u00e9 de tous les participants ?\u00a0<\/em><\/p>\n<p class=\"p1\">Gr\u00e2ce \u00e0 notre studio tout \u00e9quip\u00e9, cr\u00e9ez un avatar IA de qualit\u00e9 professionnelle : \u00e9clairage, gestuelle, mimiques et regard, m\u00eame vous n&rsquo;y verrez que du feu.<\/p>\n<p>[\/et_pb_text][\/et_pb_column][\/et_pb_row][et_pb_row _builder_version=\u00a0\u00bb4.21.0&Prime; _module_preset=\u00a0\u00bbdefault\u00a0\u00bb global_colors_info=\u00a0\u00bb{}\u00a0\u00bb][et_pb_column type=\u00a0\u00bb4_4&Prime; _builder_version=\u00a0\u00bb4.21.0&Prime; _module_preset=\u00a0\u00bbdefault\u00a0\u00bb global_colors_info=\u00a0\u00bb{}\u00a0\u00bb][dipl_separator separator_type=\u00a0\u00bbdipl_shadow\u00a0\u00bb separator_color=\u00a0\u00bb#FFFFFF\u00a0\u00bb _builder_version=\u00a0\u00bb4.21.0&Prime; _module_preset=\u00a0\u00bbdefault\u00a0\u00bb global_colors_info=\u00a0\u00bb{}\u00a0\u00bb][\/dipl_separator][\/et_pb_column][\/et_pb_row][et_pb_row column_structure=\u00a0\u00bb2_3,1_3&Prime; _builder_version=\u00a0\u00bb4.21.0&Prime; _module_preset=\u00a0\u00bbdefault\u00a0\u00bb global_colors_info=\u00a0\u00bb{}\u00a0\u00bb][et_pb_column type=\u00a0\u00bb2_3&Prime; _builder_version=\u00a0\u00bb4.21.0&Prime; _module_preset=\u00a0\u00bbdefault\u00a0\u00bb global_colors_info=\u00a0\u00bb{}\u00a0\u00bb][dsm_block_reveal_text block_reveal_text=\u00a0\u00bbSalles de mixage\u00a0\u00bb block_reveal_color=\u00a0\u00bb#8B68EE\u00a0\u00bb _builder_version=\u00a0\u00bb4.21.0&Prime; _module_preset=\u00a0\u00bbdefault\u00a0\u00bb header_font=\u00a0\u00bb|700|||||||\u00a0\u00bb header_text_color=\u00a0\u00bb#FFFFFF\u00a0\u00bb header_font_size=\u00a0\u00bb28px\u00a0\u00bb global_colors_info=\u00a0\u00bb{}\u00a0\u00bb][\/dsm_block_reveal_text][et_pb_text _builder_version=\u00a0\u00bb4.21.0&Prime; _module_preset=\u00a0\u00bbdefault\u00a0\u00bb text_text_color=\u00a0\u00bb#FFFFFF\u00a0\u00bb text_font_size=\u00a0\u00bb16px\u00a0\u00bb global_colors_info=\u00a0\u00bb{}\u00a0\u00bb]<\/p>\n<p><em>Le son est crucial pour tous les projets. Et si vous \u00e9tiez \u00e9quip\u00e9s d&rsquo;une salle de mixage audio avec une technologie de pointe pour vous permettre d&rsquo;augmenter le niveau et le r\u00e9sultat de vos projets ?<\/em><\/p>\n<p>Profitez d&rsquo;un son professionnel gr\u00e2ce \u00e0 nos salles de mixage de derni\u00e8re g\u00e9n\u00e9ration boost\u00e9es \u00e0 l&rsquo;IA qui vont vous permettre de travailler vos audios sur toutes les ondes.<\/p>\n<p>[\/et_pb_text][\/et_pb_column][et_pb_column type=\u00a0\u00bb1_3&Prime; _builder_version=\u00a0\u00bb4.21.0&Prime; _module_preset=\u00a0\u00bbdefault\u00a0\u00bb global_colors_info=\u00a0\u00bb{}\u00a0\u00bb][et_pb_image src=\u00a0\u00bbhttps:\/\/www.letheatre.ai\/wp-content\/uploads\/2025\/01\/t1ri_httpss.mj_.runou5vJThB3ik_httpss.mj_.runFo5TG2jvbLU_Ultra-_7c107374-2dd5-491e-ad5b-296b9271c573_1.png\u00a0\u00bb alt=\u00a0\u00bbmixage audio\u00a0\u00bb title_text=\u00a0\u00bbmixage audio\u00a0\u00bb _builder_version=\u00a0\u00bb4.21.0&Prime; _module_preset=\u00a0\u00bbdefault\u00a0\u00bb global_colors_info=\u00a0\u00bb{}\u00a0\u00bb][\/et_pb_image][\/et_pb_column][\/et_pb_row][et_pb_row _builder_version=\u00a0\u00bb4.21.0&Prime; _module_preset=\u00a0\u00bbdefault\u00a0\u00bb global_colors_info=\u00a0\u00bb{}\u00a0\u00bb][et_pb_column type=\u00a0\u00bb4_4&Prime; _builder_version=\u00a0\u00bb4.21.0&Prime; _module_preset=\u00a0\u00bbdefault\u00a0\u00bb global_colors_info=\u00a0\u00bb{}\u00a0\u00bb][dipl_separator separator_type=\u00a0\u00bbdipl_shadow\u00a0\u00bb separator_color=\u00a0\u00bb#FFFFFF\u00a0\u00bb _builder_version=\u00a0\u00bb4.21.0&Prime; _module_preset=\u00a0\u00bbdefault\u00a0\u00bb global_colors_info=\u00a0\u00bb{}\u00a0\u00bb][\/dipl_separator][\/et_pb_column][\/et_pb_row][\/et_pb_section][et_pb_section fb_built=\u00a0\u00bb1&Prime; _builder_version=\u00a0\u00bb4.21.0&Prime; _module_preset=\u00a0\u00bbdefault\u00a0\u00bb background_image=\u00a0\u00bbhttps:\/\/www.letheatre.ai\/wp-content\/uploads\/2025\/01\/gradient-bg-05.jpg\u00a0\u00bb parallax=\u00a0\u00bbon\u00a0\u00bb hover_enabled=\u00a0\u00bb0&Prime; global_colors_info=\u00a0\u00bb{}\u00a0\u00bb background_enable_pattern_style=\u00a0\u00bbon\u00a0\u00bb background_pattern_style=\u00a0\u00bbscallops\u00a0\u00bb background_pattern_size=\u00a0\u00bbcustom\u00a0\u00bb background_pattern_width=\u00a0\u00bb11px\u00a0\u00bb background_pattern_color=\u00a0\u00bb#000000&Prime; sticky_enabled=\u00a0\u00bb0&Prime;][et_pb_row column_structure=\u00a0\u00bb1_3,2_3&Prime; _builder_version=\u00a0\u00bb4.21.0&Prime; _module_preset=\u00a0\u00bbdefault\u00a0\u00bb global_colors_info=\u00a0\u00bb{}\u00a0\u00bb][et_pb_column type=\u00a0\u00bb1_3&Prime; _builder_version=\u00a0\u00bb4.21.0&Prime; _module_preset=\u00a0\u00bbdefault\u00a0\u00bb global_colors_info=\u00a0\u00bb{}\u00a0\u00bb][et_pb_image src=\u00a0\u00bbhttps:\/\/www.letheatre.ai\/wp-content\/uploads\/2025\/01\/Capture-decran-2025-01-27-a-14.44.28.png\u00a0\u00bb alt=\u00a0\u00bbsalle cr\u00e9a podcast\u00a0\u00bb title_text=\u00a0\u00bbsalle cr\u00e9a podcast\u00a0\u00bb _builder_version=\u00a0\u00bb4.21.0&Prime; _module_preset=\u00a0\u00bbdefault\u00a0\u00bb global_colors_info=\u00a0\u00bb{}\u00a0\u00bb][\/et_pb_image][\/et_pb_column][et_pb_column type=\u00a0\u00bb2_3&Prime; _builder_version=\u00a0\u00bb4.21.0&Prime; _module_preset=\u00a0\u00bbdefault\u00a0\u00bb global_colors_info=\u00a0\u00bb{}\u00a0\u00bb][dsm_block_reveal_text block_reveal_text=\u00a0\u00bbSalles de cr\u00e9ation IA\u00a0\u00bb block_reveal_color=\u00a0\u00bb#0400F0&Prime; _builder_version=\u00a0\u00bb4.21.0&Prime; _module_preset=\u00a0\u00bbdefault\u00a0\u00bb header_font=\u00a0\u00bb|700|||||||\u00a0\u00bb header_text_color=\u00a0\u00bb#FFFFFF\u00a0\u00bb header_font_size=\u00a0\u00bb28px\u00a0\u00bb global_colors_info=\u00a0\u00bb{}\u00a0\u00bb][\/dsm_block_reveal_text][et_pb_text _builder_version=\u00a0\u00bb4.21.0&Prime; _module_preset=\u00a0\u00bbdefault\u00a0\u00bb text_text_color=\u00a0\u00bb#FFFFFF\u00a0\u00bb text_font_size=\u00a0\u00bb16px\u00a0\u00bb global_colors_info=\u00a0\u00bb{}\u00a0\u00bb]<\/p>\n<p><em>Vous r\u00eavez de faire un rendu digne de votre star de l&rsquo;IA pr\u00e9f\u00e9r\u00e9e ? Ici, vous trouverez une r\u00e9plique de son poste de travail avec ses logiciels et abonnements f\u00e9tiches. C&rsquo;est \u00e0 vous de jouer !<\/em><span><\/span><\/p>\n<p><span><\/span><\/p>\n<p><span>Nos salles cr\u00e9atives sont \u00e9quip\u00e9es de postes comprenant tous les logiciels et abonnements des plus grands artistes IA pour cr\u00e9er des projets \u00e0 la pointe de la technologie.<\/span><\/p>\n<p>[\/et_pb_text][\/et_pb_column][\/et_pb_row][et_pb_row _builder_version=\u00a0\u00bb4.21.0&Prime; _module_preset=\u00a0\u00bbdefault\u00a0\u00bb global_colors_info=\u00a0\u00bb{}\u00a0\u00bb][et_pb_column type=\u00a0\u00bb4_4&Prime; _builder_version=\u00a0\u00bb4.21.0&Prime; _module_preset=\u00a0\u00bbdefault\u00a0\u00bb global_colors_info=\u00a0\u00bb{}\u00a0\u00bb][dipl_separator separator_type=\u00a0\u00bbdipl_shadow\u00a0\u00bb separator_color=\u00a0\u00bb#FFFFFF\u00a0\u00bb _builder_version=\u00a0\u00bb4.21.0&Prime; _module_preset=\u00a0\u00bbdefault\u00a0\u00bb global_colors_info=\u00a0\u00bb{}\u00a0\u00bb][\/dipl_separator][\/et_pb_column][\/et_pb_row][et_pb_row column_structure=\u00a0\u00bb2_3,1_3&Prime; _builder_version=\u00a0\u00bb4.21.0&Prime; _module_preset=\u00a0\u00bbdefault\u00a0\u00bb global_colors_info=\u00a0\u00bb{}\u00a0\u00bb][et_pb_column type=\u00a0\u00bb2_3&Prime; _builder_version=\u00a0\u00bb4.21.0&Prime; _module_preset=\u00a0\u00bbdefault\u00a0\u00bb global_colors_info=\u00a0\u00bb{}\u00a0\u00bb][dsm_block_reveal_text block_reveal_text=\u00a0\u00bbTraduction en temps r\u00e9el\u00a0\u00bb block_reveal_color=\u00a0\u00bb#8300E9&Prime; _builder_version=\u00a0\u00bb4.21.0&Prime; _module_preset=\u00a0\u00bbdefault\u00a0\u00bb header_font=\u00a0\u00bb|700|||||||\u00a0\u00bb header_text_color=\u00a0\u00bb#FFFFFF\u00a0\u00bb header_font_size=\u00a0\u00bb28px\u00a0\u00bb global_colors_info=\u00a0\u00bb{}\u00a0\u00bb][\/dsm_block_reveal_text][et_pb_text _builder_version=\u00a0\u00bb4.21.0&Prime; _module_preset=\u00a0\u00bbdefault\u00a0\u00bb text_text_color=\u00a0\u00bb#FFFFFF\u00a0\u00bb text_font_size=\u00a0\u00bb16px\u00a0\u00bb global_colors_info=\u00a0\u00bb{}\u00a0\u00bb]<\/p>\n<p><em>Imaginez-vous devant des nationalit\u00e9s internationales diff\u00e9rentes lors de votre \u00e9v\u00e9nement, n&rsquo;ayant pas le temps de traduire votre pitch \u00e0 tous vos participants&#8230;<\/em><\/p>\n<p>Testez notre traducteur surpuissant qui fonctionne en temps r\u00e9el. Vous n&rsquo;avez qu&rsquo;\u00e0 parler, notre IA s&rsquo;occupe du reste !<\/p>\n<p>[\/et_pb_text][\/et_pb_column][et_pb_column type=\u00a0\u00bb1_3&Prime; _builder_version=\u00a0\u00bb4.21.0&Prime; _module_preset=\u00a0\u00bbdefault\u00a0\u00bb global_colors_info=\u00a0\u00bb{}\u00a0\u00bb][et_pb_image src=\u00a0\u00bbhttps:\/\/www.letheatre.ai\/wp-content\/uploads\/2025\/01\/t1ri_Ultra-realistic_portrait_of_a_man_facing_the_camera_mid-_60d5f7d5-1ec6-47ce-8b04-eeaac3faa595_2.jpg\u00a0\u00bb alt=\u00a0\u00bbtraduction realtime\u00a0\u00bb title_text=\u00a0\u00bbtraduction realtime\u00a0\u00bb _builder_version=\u00a0\u00bb4.21.0&Prime; _module_preset=\u00a0\u00bbdefault\u00a0\u00bb global_colors_info=\u00a0\u00bb{}\u00a0\u00bb][\/et_pb_image][\/et_pb_column][\/et_pb_row][et_pb_row _builder_version=\u00a0\u00bb4.21.0&Prime; _module_preset=\u00a0\u00bbdefault\u00a0\u00bb global_colors_info=\u00a0\u00bb{}\u00a0\u00bb][et_pb_column type=\u00a0\u00bb4_4&Prime; _builder_version=\u00a0\u00bb4.21.0&Prime; _module_preset=\u00a0\u00bbdefault\u00a0\u00bb global_colors_info=\u00a0\u00bb{}\u00a0\u00bb][dipl_separator separator_type=\u00a0\u00bbdipl_shadow\u00a0\u00bb separator_color=\u00a0\u00bb#FFFFFF\u00a0\u00bb _builder_version=\u00a0\u00bb4.21.0&Prime; _module_preset=\u00a0\u00bbdefault\u00a0\u00bb global_colors_info=\u00a0\u00bb{}\u00a0\u00bb][\/dipl_separator][\/et_pb_column][\/et_pb_row][et_pb_row column_structure=\u00a0\u00bb1_3,2_3&Prime; _builder_version=\u00a0\u00bb4.21.0&Prime; _module_preset=\u00a0\u00bbdefault\u00a0\u00bb min_height=\u00a0\u00bb307.9px\u00a0\u00bb custom_padding=\u00a0\u00bb||18px|||\u00a0\u00bb global_colors_info=\u00a0\u00bb{}\u00a0\u00bb][et_pb_column type=\u00a0\u00bb1_3&Prime; _builder_version=\u00a0\u00bb4.21.0&Prime; _module_preset=\u00a0\u00bbdefault\u00a0\u00bb global_colors_info=\u00a0\u00bb{}\u00a0\u00bb][et_pb_image src=\u00a0\u00bbhttps:\/\/www.letheatre.ai\/wp-content\/uploads\/2025\/01\/Capture-decran-2025-01-27-a-15.19.33.png\u00a0\u00bb alt=\u00a0\u00bbobvious live experience\u00a0\u00bb title_text=\u00a0\u00bbobvious live experience\u00a0\u00bb _builder_version=\u00a0\u00bb4.21.0&Prime; _module_preset=\u00a0\u00bbdefault\u00a0\u00bb global_colors_info=\u00a0\u00bb{}\u00a0\u00bb][\/et_pb_image][\/et_pb_column][et_pb_column type=\u00a0\u00bb2_3&Prime; _builder_version=\u00a0\u00bb4.21.0&Prime; _module_preset=\u00a0\u00bbdefault\u00a0\u00bb global_colors_info=\u00a0\u00bb{}\u00a0\u00bb][dsm_block_reveal_text block_reveal_text=\u00a0\u00bbL&rsquo;Obvious Live Experience\u00a0\u00bb block_reveal_color=\u00a0\u00bb#C88BDA\u00a0\u00bb _builder_version=\u00a0\u00bb4.21.0&Prime; _module_preset=\u00a0\u00bbdefault\u00a0\u00bb header_font=\u00a0\u00bb|700|||||||\u00a0\u00bb header_text_color=\u00a0\u00bb#FFFFFF\u00a0\u00bb header_font_size=\u00a0\u00bb28px\u00a0\u00bb global_colors_info=\u00a0\u00bb{}\u00a0\u00bb][\/dsm_block_reveal_text][et_pb_text _builder_version=\u00a0\u00bb4.21.0&Prime; _module_preset=\u00a0\u00bbdefault\u00a0\u00bb text_text_color=\u00a0\u00bb#FFFFFF\u00a0\u00bb text_font_size=\u00a0\u00bb16px\u00a0\u00bb global_colors_info=\u00a0\u00bb{}\u00a0\u00bb]<\/p>\n<p><em>Curieux de nouvelles exp\u00e9riences technologiques ? Avez-vous d\u00e9j\u00e0 prompt\u00e9 en live, uniquement \u00e0 la voix ?<\/em><\/p>\n<p>D\u00e9couvrez une exp\u00e9rience immersive unique. Promptez en live uniquement gr\u00e2ce \u00e0 votre voix et laissez libre cours \u00e0 vos id\u00e9es et \u00e0 votre imagination !<\/p>\n<p>[\/et_pb_text][\/et_pb_column][\/et_pb_row][et_pb_row column_structure=\u00a0\u00bb1_2,1_2&Prime; custom_padding_last_edited=\u00a0\u00bbon|tablet\u00a0\u00bb _builder_version=\u00a0\u00bb4.21.0&Prime; _module_preset=\u00a0\u00bbdefault\u00a0\u00bb background_color=\u00a0\u00bb#000000&Prime; background_image=\u00a0\u00bbhttps:\/\/www.letheatre.ai\/wp-content\/uploads\/2025\/01\/financial-technology-4b.png\u00a0\u00bb background_enable_image=\u00a0\u00bboff\u00a0\u00bb background_enable_pattern_style=\u00a0\u00bbon\u00a0\u00bb background_pattern_style=\u00a0\u00bbscallops\u00a0\u00bb background_pattern_color=\u00a0\u00bb#242424&Prime; background_pattern_size=\u00a0\u00bbcustom\u00a0\u00bb background_pattern_width=\u00a0\u00bb12px\u00a0\u00bb background_pattern_height=\u00a0\u00bb12px\u00a0\u00bb background_pattern_horizontal_offset=\u00a0\u00bb-42%\u00a0\u00bb min_height=\u00a0\u00bb311.2px\u00a0\u00bb custom_padding=\u00a0\u00bb0px|80px|0px|80px|true|true\u00a0\u00bb custom_padding_tablet=\u00a0\u00bb40px|30px|40px|30px|true|true\u00a0\u00bb custom_padding_phone=\u00a0\u00bb30px|20px|30px|20px|true|true\u00a0\u00bb border_radii=\u00a0\u00bbon|4vw|4vw|4vw|4vw\u00a0\u00bb border_width_all=\u00a0\u00bb2px\u00a0\u00bb border_color_all=\u00a0\u00bbrgba(255,255,255,0.06)\u00a0\u00bb saved_tabs=\u00a0\u00bball\u00a0\u00bb locked=\u00a0\u00bboff\u00a0\u00bb global_colors_info=\u00a0\u00bb{}\u00a0\u00bb][et_pb_column type=\u00a0\u00bb1_2&Prime; _builder_version=\u00a0\u00bb4.19.2&Prime; _module_preset=\u00a0\u00bbdefault\u00a0\u00bb global_colors_info=\u00a0\u00bb{}\u00a0\u00bb][et_pb_text _builder_version=\u00a0\u00bb4.19.2&Prime; _module_preset=\u00a0\u00bb8ddb7dc0-6672-42ec-b744-526979d83add\u00a0\u00bb min_height=\u00a0\u00bb58.2px\u00a0\u00bb custom_margin=\u00a0\u00bb||10px||false|false\u00a0\u00bb custom_padding=\u00a0\u00bb50px|||||\u00a0\u00bb global_colors_info=\u00a0\u00bb{}\u00a0\u00bb]<\/p>\n<h2>Contactez-nous<\/h2>\n<p>[\/et_pb_text][et_pb_text _builder_version=\u00a0\u00bb4.21.0&Prime; _module_preset=\u00a0\u00bb8d1e4e9a-909d-4e52-bd78-85dea11e8cff\u00a0\u00bb custom_margin=\u00a0\u00bb||6px|||\u00a0\u00bb global_colors_info=\u00a0\u00bb{}\u00a0\u00bb]<\/p>\n<p>Int\u00e9grez une part d&rsquo;IA et d&rsquo;innovation dans vos \u00e9v\u00e8nements, et rejoignez le th\u00e9\u00e2tre de l&rsquo;IA.<\/p>\n<p>[\/et_pb_text][\/et_pb_column][et_pb_column type=\u00a0\u00bb1_2&Prime; _builder_version=\u00a0\u00bb4.19.2&Prime; _module_preset=\u00a0\u00bbdefault\u00a0\u00bb global_colors_info=\u00a0\u00bb{}\u00a0\u00bb][et_pb_button button_url=\u00a0\u00bbhttps:\/\/www.letheatre.ai\/?page_id=221&Prime; button_text=\u00a0\u00bbContact\u00a0\u00bb _builder_version=\u00a0\u00bb4.21.0&Prime; _module_preset=\u00a0\u00bb14843135-0929-4ae7-a285-500356c061b8&Prime; button_bg_color=\u00a0\u00bb#8300E9&Prime; button_icon=\u00a0\u00bb&#xf061;||fa||900&Prime; custom_margin=\u00a0\u00bb65px|||||\u00a0\u00bb global_colors_info=\u00a0\u00bb{}\u00a0\u00bb][\/et_pb_button][et_pb_button button_text=\u00a0\u00bb06 82 68 65 81&Prime; _builder_version=\u00a0\u00bb4.21.0&Prime; _module_preset=\u00a0\u00bb14843135-0929-4ae7-a285-500356c061b8&Prime; button_bg_color=\u00a0\u00bb#C5310D\u00a0\u00bb button_icon=\u00a0\u00bb&#xf061;||fa||900&Prime; custom_margin=\u00a0\u00bb24px|||||\u00a0\u00bb global_colors_info=\u00a0\u00bb{}\u00a0\u00bb][\/et_pb_button][\/et_pb_column][\/et_pb_row][\/et_pb_section]<\/p>\n","protected":false},"excerpt":{"rendered":"<p>Les options d&rsquo;accompagnement avec l&rsquo;IAGr\u00e2ce \u00e0 notre solide r\u00e9seau de prestataires partenaires sp\u00e9cialis\u00e9s dans l&rsquo;IA, l&rsquo;\u00e9v\u00e9nementiel et le digital, nous pouvons vous accompagner dans de nombreuses sp\u00e9cificit\u00e9s pour vos \u00e9v\u00e9nements. &nbsp;<div class=\"et_pb_module dsm_block_reveal_text dsm_block_reveal_text_0\">\n\t\t\t\t\n\t\t\t\t\n\t\t\t\t\n\t\t\t\t\n\t\t\t\t\n\t\t\t\t\n\t\t\t\t<div class=\"et_pb_module_inner\">\n\t\t\t\t\t<div class=\"dsm_block_reveal_text_wrapper\" data-dsm-block-reveal-text=[{\"animation\":\"lr\",\"color\":\"#2EA3F2\",\"delay\":\"0.1\",\"viewport\":\"80%\"}]><h2 class=\"dsm_block_reveal_text_header et_pb_module_header\">Studio d'avatars IA<\/h2><\/div>\n\t\t\t\t<\/div>\n\t\t\t<\/div>Et si, lors de votre \u00e9v\u00e9nement, vous \u00e9tiez aid\u00e9s d&rsquo;un avatar IA qui aurait pour [&hellip;]<\/p>\n","protected":false},"author":1,"featured_media":0,"parent":0,"menu_order":0,"comment_status":"closed","ping_status":"closed","template":"","meta":{"_et_pb_use_builder":"on","_et_pb_old_content":"","_et_gb_content_width":"","footnotes":""},"class_list":["post-147","page","type-page","status-publish","hentry"],"yoast_head":"<!-- This site is optimized with the Yoast SEO plugin v25.4 - https:\/\/yoast.com\/wordpress\/plugins\/seo\/ -->\n<title>ACCOMPAGNEMENT - THEATRE-DE-L-IA<\/title>\n<meta name=\"robots\" content=\"index, follow, max-snippet:-1, max-image-preview:large, max-video-preview:-1\" \/>\n<link rel=\"canonical\" href=\"https:\/\/www.letheatre.ai\/?page_id=147\" \/>\n<meta property=\"og:locale\" content=\"fr_FR\" \/>\n<meta property=\"og:type\" content=\"article\" \/>\n<meta property=\"og:title\" content=\"ACCOMPAGNEMENT - THEATRE-DE-L-IA\" \/>\n<meta property=\"og:description\" content=\"Pour vos s\u00e9minaires, masterclasses, lancements de produits,\u00a0assembl\u00e9es g\u00e9n\u00e9rales,\u00a0conf\u00e9rences de presse, formations, ateliers... 142m\u00b2 dont 60m\u00b2 d\u2019espace sc\u00e9nique [&hellip;]\" \/>\n<meta property=\"og:url\" content=\"https:\/\/www.letheatre.ai\/?page_id=147\" \/>\n<meta property=\"og:site_name\" content=\"THEATRE-DE-L-IA\" \/>\n<meta property=\"article:modified_time\" content=\"2025-01-27T16:49:49+00:00\" \/>\n<meta name=\"twitter:card\" content=\"summary_large_image\" \/>\n<meta name=\"twitter:label1\" content=\"Dur\u00e9e de lecture estim\u00e9e\" \/>\n\t<meta name=\"twitter:data1\" content=\"9 minutes\" \/>\n<script type=\"application\/ld+json\" class=\"yoast-schema-graph\">{\"@context\":\"https:\/\/schema.org\",\"@graph\":[{\"@type\":\"WebPage\",\"@id\":\"https:\/\/www.letheatre.ai\/?page_id=147\",\"url\":\"https:\/\/www.letheatre.ai\/?page_id=147\",\"name\":\"ACCOMPAGNEMENT - THEATRE-DE-L-IA\",\"isPartOf\":{\"@id\":\"https:\/\/www.letheatre.ai\/#website\"},\"datePublished\":\"2025-01-03T12:55:04+00:00\",\"dateModified\":\"2025-01-27T16:49:49+00:00\",\"breadcrumb\":{\"@id\":\"https:\/\/www.letheatre.ai\/?page_id=147#breadcrumb\"},\"inLanguage\":\"fr-FR\",\"potentialAction\":[{\"@type\":\"ReadAction\",\"target\":[\"https:\/\/www.letheatre.ai\/?page_id=147\"]}]},{\"@type\":\"BreadcrumbList\",\"@id\":\"https:\/\/www.letheatre.ai\/?page_id=147#breadcrumb\",\"itemListElement\":[{\"@type\":\"ListItem\",\"position\":1,\"name\":\"Accueil\",\"item\":\"https:\/\/www.letheatre.ai\/\"},{\"@type\":\"ListItem\",\"position\":2,\"name\":\"ACCOMPAGNEMENT\"}]},{\"@type\":\"WebSite\",\"@id\":\"https:\/\/www.letheatre.ai\/#website\",\"url\":\"https:\/\/www.letheatre.ai\/\",\"name\":\"THEATRE-DE-L-IA\",\"description\":\"\",\"potentialAction\":[{\"@type\":\"SearchAction\",\"target\":{\"@type\":\"EntryPoint\",\"urlTemplate\":\"https:\/\/www.letheatre.ai\/?s={search_term_string}\"},\"query-input\":{\"@type\":\"PropertyValueSpecification\",\"valueRequired\":true,\"valueName\":\"search_term_string\"}}],\"inLanguage\":\"fr-FR\"}]}<\/script>\n<!-- \/ Yoast SEO plugin. -->","yoast_head_json":{"title":"ACCOMPAGNEMENT - THEATRE-DE-L-IA","robots":{"index":"index","follow":"follow","max-snippet":"max-snippet:-1","max-image-preview":"max-image-preview:large","max-video-preview":"max-video-preview:-1"},"canonical":"https:\/\/www.letheatre.ai\/?page_id=147","og_locale":"fr_FR","og_type":"article","og_title":"ACCOMPAGNEMENT - THEATRE-DE-L-IA","og_description":"Pour vos s\u00e9minaires, masterclasses, lancements de produits,\u00a0assembl\u00e9es g\u00e9n\u00e9rales,\u00a0conf\u00e9rences de presse, formations, ateliers... 142m\u00b2 dont 60m\u00b2 d\u2019espace sc\u00e9nique [&hellip;]","og_url":"https:\/\/www.letheatre.ai\/?page_id=147","og_site_name":"THEATRE-DE-L-IA","article_modified_time":"2025-01-27T16:49:49+00:00","twitter_card":"summary_large_image","twitter_misc":{"Dur\u00e9e de lecture estim\u00e9e":"9 minutes"},"schema":{"@context":"https:\/\/schema.org","@graph":[{"@type":"WebPage","@id":"https:\/\/www.letheatre.ai\/?page_id=147","url":"https:\/\/www.letheatre.ai\/?page_id=147","name":"ACCOMPAGNEMENT - THEATRE-DE-L-IA","isPartOf":{"@id":"https:\/\/www.letheatre.ai\/#website"},"datePublished":"2025-01-03T12:55:04+00:00","dateModified":"2025-01-27T16:49:49+00:00","breadcrumb":{"@id":"https:\/\/www.letheatre.ai\/?page_id=147#breadcrumb"},"inLanguage":"fr-FR","potentialAction":[{"@type":"ReadAction","target":["https:\/\/www.letheatre.ai\/?page_id=147"]}]},{"@type":"BreadcrumbList","@id":"https:\/\/www.letheatre.ai\/?page_id=147#breadcrumb","itemListElement":[{"@type":"ListItem","position":1,"name":"Accueil","item":"https:\/\/www.letheatre.ai\/"},{"@type":"ListItem","position":2,"name":"ACCOMPAGNEMENT"}]},{"@type":"WebSite","@id":"https:\/\/www.letheatre.ai\/#website","url":"https:\/\/www.letheatre.ai\/","name":"THEATRE-DE-L-IA","description":"","potentialAction":[{"@type":"SearchAction","target":{"@type":"EntryPoint","urlTemplate":"https:\/\/www.letheatre.ai\/?s={search_term_string}"},"query-input":{"@type":"PropertyValueSpecification","valueRequired":true,"valueName":"search_term_string"}}],"inLanguage":"fr-FR"}]}},"_links":{"self":[{"href":"https:\/\/www.letheatre.ai\/index.php?rest_route=\/wp\/v2\/pages\/147","targetHints":{"allow":["GET"]}}],"collection":[{"href":"https:\/\/www.letheatre.ai\/index.php?rest_route=\/wp\/v2\/pages"}],"about":[{"href":"https:\/\/www.letheatre.ai\/index.php?rest_route=\/wp\/v2\/types\/page"}],"author":[{"embeddable":true,"href":"https:\/\/www.letheatre.ai\/index.php?rest_route=\/wp\/v2\/users\/1"}],"replies":[{"embeddable":true,"href":"https:\/\/www.letheatre.ai\/index.php?rest_route=%2Fwp%2Fv2%2Fcomments&post=147"}],"version-history":[{"count":33,"href":"https:\/\/www.letheatre.ai\/index.php?rest_route=\/wp\/v2\/pages\/147\/revisions"}],"predecessor-version":[{"id":348,"href":"https:\/\/www.letheatre.ai\/index.php?rest_route=\/wp\/v2\/pages\/147\/revisions\/348"}],"wp:attachment":[{"href":"https:\/\/www.letheatre.ai\/index.php?rest_route=%2Fwp%2Fv2%2Fmedia&parent=147"}],"curies":[{"name":"wp","href":"https:\/\/api.w.org\/{rel}","templated":true}]}}